{"id":23,"date":"2016-08-04T18:25:12","date_gmt":"2016-08-04T18:25:12","guid":{"rendered":"http:\/\/www.casablancasanmiguel.com\/es\/?page_id=23"},"modified":"2016-08-05T17:20:44","modified_gmt":"2016-08-05T17:20:44","slug":"reglamento-interno-casa-blanca","status":"publish","type":"page","link":"https:\/\/www.casablancasanmiguel.com\/es\/reglamento-interno-casa-blanca\/","title":{"rendered":"Reglamento Interno Casa Blanca"},"content":{"rendered":"<p>Reglamento interno<br \/>\nARTICULO 1\u00b0.- El presente reglamento obliga para su cumplimiento a Hotel Casa Blanca, con domicilio en Av Independencia 80 Col. Independencia C.P. 37732 San Miguel de Allende Guanajuato y a los hu\u00e9spedes que contraten sus servicios.<br \/>\nARTICULO 2\u00b0.- Toda Persona que se aloje en este est ablecimiento, est\u00e1 obligada a registrarse en las tarjetas o libros especiales que para tal efecto lleva el encargado de la recepci\u00f3n.<br \/>\nARTICULO3\u00b0.- La hora para registrar la salida y des alojar la habitaci\u00f3n se fija a las 12\u00a0horas de cada d\u00eda. En caso de que alg\u00fan hu\u00e9sped permanezca m\u00e1s tiempo, se le cargar\u00e1 a su cuenta un d\u00eda m\u00e1s de estancia. Habr\u00e1 una tolerancia m\u00e1xima de 60 minutos. Si desea cambiar la fecha de salida le recomendamos notificarlo en la recepci\u00f3n.<br \/>\nARTICULO 4\u00b0.- Ning\u00fan usuario tiene derecho a dar al ojamiento a otra persona, sin el consentimiento previo de la Gerencia. Solo haciendo los arreglos correspondientes para su registro y cuota. Solamente con permiso del encargado del establecimiento podr\u00e1n los clientes tener empleados a su servicio y en este caso estar\u00e1n a cargo del titular de la habitaci\u00f3n, quien se responsabilizara de la conducta de los mismos, pudiendo el establecimiento cancelar el servicio en caso contrario. El hotel se reserva el derecho de admisi\u00f3n para las visitas recibidas en su habitaci\u00f3n.<br \/>\nARTICULO 5\u00b0.- Si alg\u00fan hu\u00e9sped llega a enfermarse, la recepci\u00f3n del establecimiento deber\u00e1 llamar al m\u00e9dico y podr\u00e1 ser atendido en su habitaci\u00f3n, si la enfermedad fuera contagiosa por causa no imputables al establecimiento, ser\u00e1 trasladado por su cuenta al lugar adecuado. ARTICULO 6\u00b0.- El hotel se hace responsable por la p \u00e9rdida que el hu\u00e9sped pudiese sufrir en dinero y valores solamente que se encuentren depositados en la caja de seguridad; para tal efecto debe entregarlos al encargado correspondiente. Por el contrario, el hotel no se har\u00e1 responsable por dinero o valores no depositados en la caja de seguridad, dejados en la habitaci\u00f3n o \u00e1reas p\u00fablicas.<br \/>\nARTICULO 7\u00b0.- No se permitir\u00e1 a los clientes tener dentro de las habitaciones ning\u00fan tipo de animales sin autorizaci\u00f3n de la gerencia ARTICULO 8\u00b0.- Quedan a salvo los derechos del estab lecimiento tanto de los hu\u00e9spedes para denunciar ante la autoridad competente cualquier il\u00edcito o hecho que diere lugar a responsabilidad por algunas de las partes en su personas y bienes, siempre y cuando ocurra dentro del establecimiento.<br \/>\nARTICULO 9\u00b0.- Toda queja, sugerencia o felicitaci\u00f3n deber\u00e1 anotarse en la encuesta de satisfacci\u00f3n, quejas y sugerencias que la administraci\u00f3n del hotel est\u00e1 obligada a tener siempre a disposici\u00f3n de los usuarios.<br \/>\nARTICULO 10\u00b0.- El establecimiento deber\u00e1 tener a la vista, claramente exhibidas, en el \u00e1rea de recepci\u00f3n las tarifas de hospedaje. Este reglamento deber\u00e1 exhibirse en todas las habitaciones del hotel.<br \/>\nARTICULO 11\u00b0.- Esta prohibido para este hotel cobra r por servicios no prestados o por el acceso a las instalaciones comunes que est\u00e1n a disposici\u00f3n de los usuarios. Queda estrictamente prohibido a personas no alojadas en el hotel hacer uso de la alberca. El estar alojado en el hotel no da derecho al hu\u00e9sped a invitar a otras personas a hacer uso de las instalaciones.<br \/>\nARTICULO 12\u00b0.- El hotel queda obligado a respetar l as reservaciones de los hu\u00e9spedes debidamente confirmadas y garantizadas con anterioridad hasta las 19:00 horas de cada d\u00eda, en caso contrario el hotel asignara a su conveniencia dichas habitaciones.<br \/>\nARTICULO 13\u00b0.- La gerencia deber\u00e1 dar aviso inmedia to a la autoridad competente en caso que se descubra existente peligro de contagio, o cualquier acontecimiento fuera de lo normal.<br \/>\nARTICULO 14\u00b0.- El servicio de hospedaje debe pagars e por adelantado en todos los casos, a menos que se deje durante su registro los datos de una tarjeta de cr\u00e9dito, quedando el hu\u00e9sped de acuerdo que se har\u00e1 el cargo a su tarjeta si el hu\u00e9sped abandona las instalaciones sin pagar personalmente su deuda. La administraci\u00f3n expedir\u00e1 comprobante de pago y factura cuando el hu\u00e9sped lo solicite.<br \/>\nARTICULO 15\u00b0.- El uso que deber\u00e1 hacerse de los mue bles, ropa y otros objetos de servicio ser\u00e1 racional y moderado, cuidando de ellos debidamente, todo hu\u00e9sped, al salir de su habitaci\u00f3n tiene la obligaci\u00f3n de dejar cerradas las puertas y ventanas, salidas de agua, apagar las luces, as\u00ed como devolver las llaves de su cuarto a la recepci\u00f3n.<br \/>\nARTICULO 16\u00b0.- En el establecimiento se han tomado medidas de seguridad, instalando un n\u00famero suficiente de extintores, en caso eventual de siniestro. En tales circunstancias, los hu\u00e9spedes deber\u00e1n dar aviso a la administraci\u00f3n.<br \/>\nARTICULO 17\u00b0.- El hu\u00e9sped deber\u00e1 comportarse con de cencia y moralidad dentro del establecimiento, quedando prohibido alterar el orden, hacer ruidos que incomoden o molesten a los dem\u00e1s hu\u00e9spedes as\u00ed como tambi\u00e9n usar la habitaci\u00f3n para ejecutar cualquier acto o juego prohibido por la ley. El uso de reproductores de audio y tv queda restringido hasta las 12 de la noche.<br \/>\nARTICULO 18\u00b0.- En la presentaci\u00f3n de servicios por parte del hotel, no habr\u00e1 discriminaron alguna por razones de sexo, credo o religioso, nacionalidad o condici\u00f3n social.<br \/>\nARTICULO 19\u00b0.- Queda prohibido a los usuarios reali zar, durante su estancia, actos que falten a la moral, buenas costumbres o tranquilidad del resto de los hu\u00e9spedes. El establecimiento podr\u00e1 cancelar los servicios de hospedaje en estos supuestos.<br \/>\nARTICULO 20\u00b0.- Los empleados de esta empresa deber\u00e1 n respetar la ocupaci\u00f3n de las habitaciones por alg\u00fan hu\u00e9sped en virtud de la relaci\u00f3n establecida y durante la vigencia de \u00e9sta, garantizando a si la privacidad de los mismos y solo podr\u00e1n tener acceso a las habitaciones ocupadas en los casos plenamente comprobados de que la seguridad del hu\u00e9sped se encuentre amenazada o a petici\u00f3n de este.<br \/>\nARTICULO 21\u00b0.- Queda estrictamente prohibido al hu\u00e9 sped preparar alimentos dentro de la habitaci\u00f3n, disponer de la corriente el\u00e9ctrica para otros usos que no sea alumbrado, as\u00ed mismo lavar y tender ropa en balcones o ventanas del establecimiento.<br \/>\nARTICULO 22\u00b0.- Queda estrictamente prohibido al hu\u00e9 sped introducir, aplicarse o consumir cualquier clase de drogas o enervantes. Est\u00e1 permitida la entrada de bebidas alcoh\u00f3licas debidamente en botellas cerradas y con sello de garant\u00eda, por las cuales se deber\u00e1 pagar un descorche de $100 pesos por botella. Puede pedir en recepci\u00f3n copas y vasos, para lo cual deber\u00e1 dejar un dep\u00f3sito de $50 por pieza.<br \/>\nARTICULO 23\u00b0.- Queda prohibido al hu\u00e9sped clavar o colocar retratos, im\u00e1genes u otros objetos en las paredes, tener medicinas o sustancias que por su olor o fetidez hagan desagradable el ambiente de la habitaci\u00f3n y a la vez molesten a los dem\u00e1s usuarios.<br \/>\nARTICULO 24\u00b0.- Cuando el hu\u00e9sped haga uso del estab lecimiento debe colocar su autom\u00f3vil en el lugar indicado, dando as\u00ed oportunidad a que se estacionen otros autom\u00f3viles. El establecimiento no se hace responsable del veh\u00edculo ni de objetos dejados en su interior. Cualquier veh\u00edculo que no fuese registrado en la recepci\u00f3n ser\u00e1 trasladado al corral\u00f3n municipal.<br \/>\nARTICULO 25\u00b0.- Cuando el hu\u00e9sped haga esc\u00e1ndalo den tro del establecimiento o viole deliberadamente cualquiera de los art\u00edculos de este reglamento, el administrador con auxilio de la autoridad (si fuere necesario), exigir\u00e1 la inmediata desocupaci\u00f3n de la habitaci\u00f3n.<br \/>\nARTICULO 26\u00b0.- La alberca del hotel no cuenta con s ervicio de salvavidas, los menores de 13 a\u00f1os no podr\u00e1n hacer uso de la misma sin la supervisi\u00f3n de un mayor de edad. Se proh\u00edbe hacer uso de la misma con ropa de calle, interior o camiseta. Est\u00e1 prohibido realizar clavados. No se permite ingerir alimentos ni fumar dentro de la alberca. Se proh\u00edbe el uso de envases de vidrio en el \u00e1rea al igual que radio grabadoras cerca del agua. Favor de no retirar las toallas de las habitaciones, contamos con servicio de toallas para alberca en la recepci\u00f3n.<\/p>\n<p>Att. La Gerencia de Casa Blanca<\/p>\n","protected":false},"excerpt":{"rendered":"<p>Reglamento interno ARTICULO 1\u00b0.- El presente reglamento obliga para su cumplimiento a Hotel Casa Blanca, con domicilio en Av Independencia 80 Col. Independencia C.P. 37732 San Miguel de Allende Guanajuato y a los hu\u00e9spedes que contraten sus servicios. ARTICULO 2\u00b0.- Toda Persona que se aloje en este est ablecimiento, est\u00e1 obligada a registrarse en las [&hellip;]<\/p>\n","protected":false},"author":1,"featured_media":0,"parent":0,"menu_order":0,"comment_status":"closed","ping_status":"closed","template":"","meta":{"jetpack_post_was_ever_published":false,"footnotes":""},"class_list":["post-23","page","type-page","status-publish","hentry"],"jetpack_sharing_enabled":true,"jetpack_shortlink":"https:\/\/wp.me\/P7MAkY-n","_links":{"self":[{"href":"https:\/\/www.casablancasanmiguel.com\/es\/wp-json\/wp\/v2\/pages\/23","targetHints":{"allow":["GET"]}}],"collection":[{"href":"https:\/\/www.casablancasanmiguel.com\/es\/wp-json\/wp\/v2\/pages"}],"about":[{"href":"https:\/\/www.casablancasanmiguel.com\/es\/wp-json\/wp\/v2\/types\/page"}],"author":[{"embeddable":true,"href":"https:\/\/www.casablancasanmiguel.com\/es\/wp-json\/wp\/v2\/users\/1"}],"replies":[{"embeddable":true,"href":"https:\/\/www.casablancasanmiguel.com\/es\/wp-json\/wp\/v2\/comments?post=23"}],"version-history":[{"count":3,"href":"https:\/\/www.casablancasanmiguel.com\/es\/wp-json\/wp\/v2\/pages\/23\/revisions"}],"predecessor-version":[{"id":26,"href":"https:\/\/www.casablancasanmiguel.com\/es\/wp-json\/wp\/v2\/pages\/23\/revisions\/26"}],"wp:attachment":[{"href":"https:\/\/www.casablancasanmiguel.com\/es\/wp-json\/wp\/v2\/media?parent=23"}],"curies":[{"name":"wp","href":"https:\/\/api.w.org\/{rel}","templated":true}]}}